{"id":170,"date":"2025-11-09T02:32:22","date_gmt":"2025-11-09T02:32:22","guid":{"rendered":"https:\/\/greissymora.com\/w\/?page_id=170"},"modified":"2025-11-09T02:59:00","modified_gmt":"2025-11-09T02:59:00","slug":"inicio","status":"publish","type":"page","link":"https:\/\/greissymora.com\/w\/","title":{"rendered":"Inicio"},"content":{"rendered":"\t\t<div data-elementor-type=\"wp-post\" data-elementor-id=\"170\" class=\"elementor elementor-170\">\n\t\t\t\t\t\t<section class=\"elementor-section elementor-top-section elementor-element elementor-element-723e49c elementor-section-boxed elementor-section-height-default elementor-section-height-default\" data-id=\"723e49c\" data-element_type=\"section\" data-e-type=\"section\">\n\t\t\t\t\t\t<div class=\"elementor-container elementor-column-gap-default\">\n\t\t\t\t\t<div class=\"elementor-column elementor-col-100 elementor-top-column elementor-element elementor-element-fca0b85\" data-id=\"fca0b85\" data-element_type=\"column\" data-e-type=\"column\">\n\t\t\t<div class=\"elementor-widget-wrap elementor-element-populated\">\n\t\t\t\t\t\t<div class=\"elementor-element elementor-element-5f374da elementor-widget elementor-widget-link-in-bio\" data-id=\"5f374da\" data-element_type=\"widget\" data-e-type=\"widget\" data-widget_type=\"link-in-bio.default\">\n\t\t\t\t<div class=\"elementor-widget-container\">\n\t\t\t\t\t\t\t<div class=\"e-link-in-bio e-link-in-bio\">\n\t\t\t<div class=\"e-link-in-bio__content\">\n\n\t\t\t\t\t\t<div class=\"e-link-in-bio__identity\">\n\t\t\t\t\t\t\t\t\t<div class=\"e-link-in-bio__identity-image e-link-in-bio__identity-image-profile has-style-circle\">\n\t\t\t\t\t\t\t<img fetchpriority=\"high\" decoding=\"async\" width=\"300\" height=\"300\" src=\"https:\/\/greissymora.com\/w\/wp-content\/uploads\/2022\/03\/MG_0290-300x300.jpg\" class=\"e-link-in-bio__identity-image-element\" alt=\"\" srcset=\"https:\/\/greissymora.com\/w\/wp-content\/uploads\/2022\/03\/MG_0290-300x300.jpg 300w, https:\/\/greissymora.com\/w\/wp-content\/uploads\/2022\/03\/MG_0290-1024x1024.jpg 1024w, https:\/\/greissymora.com\/w\/wp-content\/uploads\/2022\/03\/MG_0290-150x150.jpg 150w, https:\/\/greissymora.com\/w\/wp-content\/uploads\/2022\/03\/MG_0290-768x768.jpg 768w, https:\/\/greissymora.com\/w\/wp-content\/uploads\/2022\/03\/MG_0290.jpg 1080w\" sizes=\"(max-width: 300px) 100vw, 300px\" \/>\t\t\t\t\t\t\t\t\t\t\t\t\t<\/div>\n\t\t\t\t\t\t\t<\/div>\n\t\t\t\t\t<div class=\"e-link-in-bio__bio\">\n\t\t\t\t<h2 class=\"e-link-in-bio__heading\">Greissy Mora<\/h2>\t\t\t\t<h3 class=\"e-link-in-bio__title\">GM Grupo Dental \u2022 M\u00e1s de 10 a\u00f1os creando sonrisas so\u00f1adas<\/h3>\t\t\t\t\t\t\t\t<p class=\"e-link-in-bio__description\">Ortodoncia \u2022 Ortodoncia Invisible \u2022 Est\u00e9tica Dental \u2022 Periodoncia \u2022 Endodoncia \u2022 Odontopediatr\u00eda \u2022 Cirug\u00eda \u2022 Implantes<\/p>\t\t\t<\/div>\n\t\t\t\t\t<div class=\"e-link-in-bio__icons has-size-small\">\n\t\t\t\t\t\t\t<div class=\"e-link-in-bio__icon is-size-small\">\n\t\t\t\t\t<a href=\"https:\/\/www.instagram.com\/gmgrupodental\/\" target=\"_blank\" rel=\"noopener \" aria-label=\"Instagram\" class=\"e-link-in-bio__icon-link\">\n\t\t\t\t\t\t<span class=\"e-link-in-bio__icon-svg\">\n\t\t\t\t\t\t\t<i aria-hidden=\"true\" class=\"fab fa-instagram\"><\/i>\t\t\t\t\t\t<\/span>\n\t\t\t\t\t\t\t\t\t\t\t<\/a>\n\t\t\t\t<\/div>\n\t\t\t\t\t\t\t<div class=\"e-link-in-bio__icon is-size-small\">\n\t\t\t\t\t<a href=\"https:\/\/www.instagram.com\/greissym\" target=\"_blank\" rel=\"noopener \" aria-label=\"Instagram\" class=\"e-link-in-bio__icon-link\">\n\t\t\t\t\t\t<span class=\"e-link-in-bio__icon-svg\">\n\t\t\t\t\t\t\t<i aria-hidden=\"true\" class=\"fab fa-instagram\"><\/i>\t\t\t\t\t\t<\/span>\n\t\t\t\t\t\t\t\t\t\t\t<\/a>\n\t\t\t\t<\/div>\n\t\t\t\t\t\t\t<div class=\"e-link-in-bio__icon is-size-small\">\n\t\t\t\t\t<a aria-label=\"WhatsApp\" class=\"e-link-in-bio__icon-link\" href=\"https:\/\/wa.me\/584245044865\">\n\t\t\t\t\t\t<span class=\"e-link-in-bio__icon-svg\">\n\t\t\t\t\t\t\t<i aria-hidden=\"true\" class=\"fab fa-whatsapp\"><\/i>\t\t\t\t\t\t<\/span>\n\t\t\t\t\t\t\t\t\t\t\t<\/a>\n\t\t\t\t<\/div>\n\t\t\t\t\t<\/div>\n\t\t\n\t\t<div class=\"e-link-in-bio__ctas has-type-button\">\n\t\t\t\t\t\t\t<a href=\"http:\/\/wa.me\/584245044865\" target=\"_blank\" rel=\"noopener \" class=\"e-link-in-bio__cta is-type-button has-corners-rounded\">\n\t\t\t\t\t\t\t\t\t\t<span class=\"e-link-in-bio__cta-text\">\n\t\t\t\t\t\t\u00a1Quiero una cita!\t\t\t\t\t<\/span>\n\t\t\t\t<\/a>\n\t\t\t\t\t\t\t<a href=\"https:\/\/goo.gl\/maps\/68tgLxuxFQ2KTB1s8\" target=\"_blank\" rel=\"noopener \" class=\"e-link-in-bio__cta is-type-button has-corners-rounded\">\n\t\t\t\t\t\t\t\t\t\t<span class=\"e-link-in-bio__cta-text\">\n\t\t\t\t\t\tUbicaci\u00f3n | \u00bfC\u00f3mo llegar?\t\t\t\t\t<\/span>\n\t\t\t\t<\/a>\n\t\t\t\t\t<\/div>\n\t\t\n\t\t\t<\/div>\n\t\t\t<div class=\"e-link-in-bio__bg\">\n\t\t\t\t<div class=\"e-link-in-bio__bg-overlay\"><\/div>\n\t\t\t<\/div>\n\t\t<\/div>\n\t\t\t\t\t\t<\/div>\n\t\t\t\t<\/div>\n\t\t\t\t<div class=\"elementor-element elementor-element-bf55ed6 elementor-widget elementor-widget-google_maps\" data-id=\"bf55ed6\" data-element_type=\"widget\" data-e-type=\"widget\" data-widget_type=\"google_maps.default\">\n\t\t\t\t<div class=\"elementor-widget-container\">\n\t\t\t\t\t\t\t<div class=\"elementor-custom-embed\">\n\t\t\t<iframe loading=\"lazy\"\n\t\t\t\t\tsrc=\"https:\/\/maps.google.com\/maps?q=Greissy%20Mora%20Grupo%20Dental%20%7C%20Ortodoncia%20Invisible%20en%20Barinas&#038;t=m&#038;z=16&#038;output=embed&#038;iwloc=near\"\n\t\t\t\t\ttitle=\"Greissy Mora Grupo Dental | Ortodoncia Invisible en Barinas\"\n\t\t\t\t\taria-label=\"Greissy Mora Grupo Dental | Ortodoncia Invisible en Barinas\"\n\t\t\t><\/iframe>\n\t\t<\/div>\n\t\t\t\t\t\t<\/div>\n\t\t\t\t<\/div>\n\t\t\t\t\t<\/div>\n\t\t<\/div>\n\t\t\t\t\t<\/div>\n\t\t<\/section>\n\t\t\t\t<\/div>\n\t\t","protected":false},"excerpt":{"rendered":"<p>Centro de especialidades odontol\u00f3gicas en Barinas. Ortodoncia, Ortodoncia Invisible, Est\u00e9tica Dental, Periodoncia, Endodoncia, Odontopediatr\u00eda, Cirug\u00eda, Implantes y Odontolog\u00eda General<\/p>\n","protected":false},"author":1,"featured_media":0,"parent":0,"menu_order":0,"comment_status":"closed","ping_status":"closed","template":"","meta":{"footnotes":""},"class_list":["post-170","page","type-page","status-publish","hentry"],"yoast_head":"<!-- This site is optimized with the Yoast SEO plugin v26.9 - https:\/\/yoast.com\/product\/yoast-seo-wordpress\/ -->\n<title>Inicio - Greissy Mora \u2022 GM Grupo Dental<\/title>\n<meta name=\"robots\" content=\"index, follow, max-snippet:-1, max-image-preview:large, max-video-preview:-1\" \/>\n<link rel=\"canonical\" href=\"https:\/\/greissymora.com\/w\/\" \/>\n<meta property=\"og:locale\" content=\"es_ES\" \/>\n<meta property=\"og:type\" content=\"article\" \/>\n<meta property=\"og:title\" content=\"Inicio - Greissy Mora \u2022 GM Grupo Dental\" \/>\n<meta property=\"og:description\" content=\"Centro de especialidades odontol\u00f3gicas en Barinas. Ortodoncia, Ortodoncia Invisible, Est\u00e9tica Dental, Periodoncia, Endodoncia, Odontopediatr\u00eda, Cirug\u00eda, Implantes y Odontolog\u00eda General\" \/>\n<meta property=\"og:url\" content=\"https:\/\/greissymora.com\/w\/\" \/>\n<meta property=\"og:site_name\" content=\"Greissy Mora \u2022 GM Grupo Dental\" \/>\n<meta property=\"article:modified_time\" content=\"2025-11-09T02:59:00+00:00\" \/>\n<meta property=\"og:image\" content=\"https:\/\/greissymora.com\/w\/wp-content\/uploads\/2022\/03\/MG_0290-300x300.jpg\" \/>\n<meta name=\"twitter:card\" content=\"summary_large_image\" \/>\n<meta name=\"twitter:label1\" content=\"Tiempo de lectura\" \/>\n\t<meta name=\"twitter:data1\" content=\"1 minuto\" \/>\n<script type=\"application\/ld+json\" class=\"yoast-schema-graph\">{\"@context\":\"https:\/\/schema.org\",\"@graph\":[{\"@type\":\"WebPage\",\"@id\":\"https:\/\/greissymora.com\/w\/\",\"url\":\"https:\/\/greissymora.com\/w\/\",\"name\":\"Inicio - Greissy Mora \u2022 GM Grupo Dental\",\"isPartOf\":{\"@id\":\"https:\/\/greissymora.com\/w\/#website\"},\"primaryImageOfPage\":{\"@id\":\"https:\/\/greissymora.com\/w\/#primaryimage\"},\"image\":{\"@id\":\"https:\/\/greissymora.com\/w\/#primaryimage\"},\"thumbnailUrl\":\"https:\/\/greissymora.com\/w\/wp-content\/uploads\/2022\/03\/MG_0290-300x300.jpg\",\"datePublished\":\"2025-11-09T02:32:22+00:00\",\"dateModified\":\"2025-11-09T02:59:00+00:00\",\"breadcrumb\":{\"@id\":\"https:\/\/greissymora.com\/w\/#breadcrumb\"},\"inLanguage\":\"es\",\"potentialAction\":[{\"@type\":\"ReadAction\",\"target\":[\"https:\/\/greissymora.com\/w\/\"]}]},{\"@type\":\"ImageObject\",\"inLanguage\":\"es\",\"@id\":\"https:\/\/greissymora.com\/w\/#primaryimage\",\"url\":\"https:\/\/greissymora.com\/w\/wp-content\/uploads\/2022\/03\/MG_0290.jpg\",\"contentUrl\":\"https:\/\/greissymora.com\/w\/wp-content\/uploads\/2022\/03\/MG_0290.jpg\",\"width\":1080,\"height\":1080},{\"@type\":\"BreadcrumbList\",\"@id\":\"https:\/\/greissymora.com\/w\/#breadcrumb\",\"itemListElement\":[{\"@type\":\"ListItem\",\"position\":1,\"name\":\"Portada\",\"item\":\"https:\/\/greissymora.com\/w\/\"},{\"@type\":\"ListItem\",\"position\":2,\"name\":\"Inicio\"}]},{\"@type\":\"WebSite\",\"@id\":\"https:\/\/greissymora.com\/w\/#website\",\"url\":\"https:\/\/greissymora.com\/w\/\",\"name\":\"Greissy Mora\",\"description\":\"Ortodoncia Odontolog\u00eda\",\"publisher\":{\"@id\":\"https:\/\/greissymora.com\/w\/#organization\"},\"potentialAction\":[{\"@type\":\"SearchAction\",\"target\":{\"@type\":\"EntryPoint\",\"urlTemplate\":\"https:\/\/greissymora.com\/w\/?s={search_term_string}\"},\"query-input\":{\"@type\":\"PropertyValueSpecification\",\"valueRequired\":true,\"valueName\":\"search_term_string\"}}],\"inLanguage\":\"es\"},{\"@type\":\"Organization\",\"@id\":\"https:\/\/greissymora.com\/w\/#organization\",\"name\":\"GM Grupo Dental\",\"url\":\"https:\/\/greissymora.com\/w\/\",\"logo\":{\"@type\":\"ImageObject\",\"inLanguage\":\"es\",\"@id\":\"https:\/\/greissymora.com\/w\/#\/schema\/logo\/image\/\",\"url\":\"https:\/\/greissymora.com\/w\/wp-content\/uploads\/2025\/11\/gm-logo.jpg\",\"contentUrl\":\"https:\/\/greissymora.com\/w\/wp-content\/uploads\/2025\/11\/gm-logo.jpg\",\"width\":1920,\"height\":1920,\"caption\":\"GM Grupo Dental\"},\"image\":{\"@id\":\"https:\/\/greissymora.com\/w\/#\/schema\/logo\/image\/\"},\"sameAs\":[\"http:\/\/www.instagram.com\/greissym\"]}]}<\/script>\n<!-- \/ Yoast SEO plugin. -->","yoast_head_json":{"title":"Inicio - Greissy Mora \u2022 GM Grupo Dental","robots":{"index":"index","follow":"follow","max-snippet":"max-snippet:-1","max-image-preview":"max-image-preview:large","max-video-preview":"max-video-preview:-1"},"canonical":"https:\/\/greissymora.com\/w\/","og_locale":"es_ES","og_type":"article","og_title":"Inicio - Greissy Mora \u2022 GM Grupo Dental","og_description":"Centro de especialidades odontol\u00f3gicas en Barinas. Ortodoncia, Ortodoncia Invisible, Est\u00e9tica Dental, Periodoncia, Endodoncia, Odontopediatr\u00eda, Cirug\u00eda, Implantes y Odontolog\u00eda General","og_url":"https:\/\/greissymora.com\/w\/","og_site_name":"Greissy Mora \u2022 GM Grupo Dental","article_modified_time":"2025-11-09T02:59:00+00:00","og_image":[{"url":"https:\/\/greissymora.com\/w\/wp-content\/uploads\/2022\/03\/MG_0290-300x300.jpg","type":"","width":"","height":""}],"twitter_card":"summary_large_image","twitter_misc":{"Tiempo de lectura":"1 minuto"},"schema":{"@context":"https:\/\/schema.org","@graph":[{"@type":"WebPage","@id":"https:\/\/greissymora.com\/w\/","url":"https:\/\/greissymora.com\/w\/","name":"Inicio - Greissy Mora \u2022 GM Grupo Dental","isPartOf":{"@id":"https:\/\/greissymora.com\/w\/#website"},"primaryImageOfPage":{"@id":"https:\/\/greissymora.com\/w\/#primaryimage"},"image":{"@id":"https:\/\/greissymora.com\/w\/#primaryimage"},"thumbnailUrl":"https:\/\/greissymora.com\/w\/wp-content\/uploads\/2022\/03\/MG_0290-300x300.jpg","datePublished":"2025-11-09T02:32:22+00:00","dateModified":"2025-11-09T02:59:00+00:00","breadcrumb":{"@id":"https:\/\/greissymora.com\/w\/#breadcrumb"},"inLanguage":"es","potentialAction":[{"@type":"ReadAction","target":["https:\/\/greissymora.com\/w\/"]}]},{"@type":"ImageObject","inLanguage":"es","@id":"https:\/\/greissymora.com\/w\/#primaryimage","url":"https:\/\/greissymora.com\/w\/wp-content\/uploads\/2022\/03\/MG_0290.jpg","contentUrl":"https:\/\/greissymora.com\/w\/wp-content\/uploads\/2022\/03\/MG_0290.jpg","width":1080,"height":1080},{"@type":"BreadcrumbList","@id":"https:\/\/greissymora.com\/w\/#breadcrumb","itemListElement":[{"@type":"ListItem","position":1,"name":"Portada","item":"https:\/\/greissymora.com\/w\/"},{"@type":"ListItem","position":2,"name":"Inicio"}]},{"@type":"WebSite","@id":"https:\/\/greissymora.com\/w\/#website","url":"https:\/\/greissymora.com\/w\/","name":"Greissy Mora","description":"Ortodoncia Odontolog\u00eda","publisher":{"@id":"https:\/\/greissymora.com\/w\/#organization"},"potentialAction":[{"@type":"SearchAction","target":{"@type":"EntryPoint","urlTemplate":"https:\/\/greissymora.com\/w\/?s={search_term_string}"},"query-input":{"@type":"PropertyValueSpecification","valueRequired":true,"valueName":"search_term_string"}}],"inLanguage":"es"},{"@type":"Organization","@id":"https:\/\/greissymora.com\/w\/#organization","name":"GM Grupo Dental","url":"https:\/\/greissymora.com\/w\/","logo":{"@type":"ImageObject","inLanguage":"es","@id":"https:\/\/greissymora.com\/w\/#\/schema\/logo\/image\/","url":"https:\/\/greissymora.com\/w\/wp-content\/uploads\/2025\/11\/gm-logo.jpg","contentUrl":"https:\/\/greissymora.com\/w\/wp-content\/uploads\/2025\/11\/gm-logo.jpg","width":1920,"height":1920,"caption":"GM Grupo Dental"},"image":{"@id":"https:\/\/greissymora.com\/w\/#\/schema\/logo\/image\/"},"sameAs":["http:\/\/www.instagram.com\/greissym"]}]}},"_links":{"self":[{"href":"https:\/\/greissymora.com\/w\/wp-json\/wp\/v2\/pages\/170","targetHints":{"allow":["GET"]}}],"collection":[{"href":"https:\/\/greissymora.com\/w\/wp-json\/wp\/v2\/pages"}],"about":[{"href":"https:\/\/greissymora.com\/w\/wp-json\/wp\/v2\/types\/page"}],"author":[{"embeddable":true,"href":"https:\/\/greissymora.com\/w\/wp-json\/wp\/v2\/users\/1"}],"replies":[{"embeddable":true,"href":"https:\/\/greissymora.com\/w\/wp-json\/wp\/v2\/comments?post=170"}],"version-history":[{"count":22,"href":"https:\/\/greissymora.com\/w\/wp-json\/wp\/v2\/pages\/170\/revisions"}],"predecessor-version":[{"id":192,"href":"https:\/\/greissymora.com\/w\/wp-json\/wp\/v2\/pages\/170\/revisions\/192"}],"wp:attachment":[{"href":"https:\/\/greissymora.com\/w\/wp-json\/wp\/v2\/media?parent=170"}],"curies":[{"name":"wp","href":"https:\/\/api.w.org\/{rel}","templated":true}]}}